{"id":180,"date":"2022-05-24T07:28:40","date_gmt":"2022-05-24T07:28:40","guid":{"rendered":"https:\/\/pmgdestudios.cl\/?page_id=180"},"modified":"2022-09-08T23:25:54","modified_gmt":"2022-09-08T23:25:54","slug":"servicios","status":"publish","type":"page","link":"https:\/\/pmgdestudios.cl\/?page_id=180","title":{"rendered":"SERVICIO"},"content":{"rendered":"<div data-colibri-id=\"180-c27\" class=\"style-410 style-local-180-c27 position-relative\">\n  <!---->\n  <div data-colibri-component=\"section\" data-colibri-id=\"180-c28\" id=\"about\" class=\"h-section h-section-global-spacing d-flex align-items-lg-center align-items-md-center align-items-center style-511 style-local-180-c28 position-relative\">\n    <!---->\n    <!---->\n    <div class=\"h-section-grid-container h-section-boxed-container\">\n      <!---->\n      <div data-colibri-id=\"180-c29\" class=\"h-row-container gutters-row-lg-2 gutters-row-md-2 gutters-row-0 gutters-row-v-lg-2 gutters-row-v-md-2 gutters-row-v-2 style-521 style-local-180-c29 position-relative\">\n        <!---->\n        <div class=\"h-row justify-content-lg-center justify-content-md-center justify-content-center align-items-lg-stretch align-items-md-stretch align-items-stretch gutters-col-lg-2 gutters-col-md-2 gutters-col-0 gutters-col-v-lg-2 gutters-col-v-md-2 gutters-col-v-2\">\n          <!---->\n          <div class=\"h-column h-column-container d-flex h-col-lg-auto h-col-md-auto h-col-auto style-522-outer style-local-180-c30-outer\">\n            <div data-colibri-id=\"180-c30\" class=\"d-flex h-flex-basis h-column__inner h-px-lg-2 h-px-md-2 h-px-2 v-inner-lg-2 v-inner-md-2 v-inner-2 style-522 style-local-180-c30 position-relative\">\n              <!---->\n              <!---->\n              <div class=\"w-100 h-y-container h-column__content h-column__v-align flex-basis-100 align-self-lg-start align-self-md-start align-self-start\">\n                <!---->\n                <div data-colibri-id=\"180-c31\" class=\"h-text h-text-component style-557 style-local-180-c31 position-relative h-element\">\n                  <!---->\n                  <!---->\n                  <div class=\"\">\n                    <p>ESTUDIO&nbsp;DE PEQUE\u00d1OS MEDIOS DE GENERACI\u00d3N DISTRIBUIDA (PMGD)<\/p>\n                  <\/div>\n                <\/div>\n              <\/div>\n            <\/div>\n          <\/div>\n        <\/div>\n      <\/div>\n    <\/div>\n  <\/div>\n  <div data-colibri-component=\"section\" data-colibri-id=\"180-c32\" id=\"overlappable\" class=\"h-section h-section-global-spacing d-flex align-items-lg-center align-items-md-center align-items-center style-536 style-local-180-c32 position-relative\">\n    <!---->\n    <!---->\n    <div class=\"h-section-grid-container h-section-boxed-container\">\n      <!---->\n      <div data-colibri-id=\"180-c33\" class=\"h-row-container gutters-row-lg-0 gutters-row-md-0 gutters-row-2 gutters-row-v-lg-0 gutters-row-v-md-0 gutters-row-v-2 style-537 style-local-180-c33 position-relative\">\n        <!---->\n        <div class=\"h-row justify-content-lg-center justify-content-md-center justify-content-center align-items-lg-stretch align-items-md-stretch align-items-stretch gutters-col-lg-0 gutters-col-md-0 gutters-col-2 gutters-col-v-lg-0 gutters-col-v-md-0 gutters-col-v-2\">\n          <!---->\n          <div class=\"h-column h-column-container d-flex h-col-lg-4 h-col-md-4 h-col-12 style-538-outer style-local-180-c38-outer\">\n            <div data-colibri-id=\"180-c38\" class=\"d-flex h-flex-basis h-column__inner h-px-lg-3 h-px-md-3 h-px-2 v-inner-lg-3 v-inner-md-3 v-inner-2 style-538 style-local-180-c38 position-relative\">\n              <!---->\n              <!---->\n              <div class=\"w-100 h-y-container h-column__content h-column__v-align flex-basis-100 align-self-lg-center align-self-md-center align-self-center\">\n                <!---->\n                <div data-colibri-id=\"180-c39\" class=\"h-icon style-539 style-local-180-c39 position-relative h-element\">\n                  <!----><span class=\"h-svg-icon h-icon__icon style-539-icon style-local-180-c39-icon\"><!--Icon by Font Awesome (https:\/\/fontawesome.com)--><svg version=\"1.1\" xmlns=\"http:\/\/www.w3.org\/2000\/svg\" xmlns:xlink=\"http:\/\/www.w3.org\/1999\/xlink\" id=\"clock-o\" viewBox=\"0 0 1536 1896.0833\"><path d=\"M896 544v448q0 14-9 23t-23 9H544q-14 0-23-9t-9-23v-64q0-14 9-23t23-9h224V544q0-14 9-23t23-9h64q14 0 23 9t9 23zm416 352q0-148-73-273t-198-198-273-73-273 73-198 198-73 273 73 273 198 198 273 73 273-73 198-198 73-273zm224 0q0 209-103 385.5T1153.5 1561 768 1664t-385.5-103T103 1281.5 0 896t103-385.5T382.5 231 768 128t385.5 103T1433 510.5 1536 896z\"><\/path><\/svg><\/span><\/div>\n                <div\n                  data-colibri-id=\"180-c40\" class=\"h-global-transition-all h-heading style-540 style-local-180-c40 position-relative h-element\">\n                  <!---->\n                  <div class=\"h-heading__outer style-540 style-local-180-c40\">\n                    <!---->\n                    <!---->\n                    <h6 class=\"\">TIEMPO<\/h6>\n                  <\/div>\n              <\/div>\n              <div data-colibri-id=\"180-c41\" class=\"h-text h-text-component style-541 style-local-180-c41 position-relative h-element\">\n                <!---->\n                <!---->\n                <div class=\"\">\n                  <p>10 D\u00cdAS H\u00c1BILES<\/p>\n                  <p>ESTUDIO COMPLETO PMGD<\/p>\n                <\/div>\n              <\/div>\n            <\/div>\n          <\/div>\n        <\/div>\n        <div class=\"h-column h-column-container d-flex h-col-lg-4 h-col-md-4 h-col-12 style-538-outer style-local-180-c42-outer\">\n          <div data-colibri-id=\"180-c42\" class=\"d-flex h-flex-basis h-column__inner h-px-lg-3 h-px-md-3 h-px-2 v-inner-lg-3 v-inner-md-3 v-inner-2 style-538 style-local-180-c42 position-relative\">\n            <!---->\n            <!---->\n            <div class=\"w-100 h-y-container h-column__content h-column__v-align flex-basis-100 align-self-lg-center align-self-md-center align-self-center\">\n              <!---->\n              <div data-colibri-id=\"180-c43\" class=\"h-icon style-539 style-local-180-c43 position-relative h-element\">\n                <!----><span class=\"h-svg-icon h-icon__icon style-539-icon style-local-180-c43-icon\"><!--Icon by Font Awesome (https:\/\/fontawesome.com)--><svg version=\"1.1\" xmlns=\"http:\/\/www.w3.org\/2000\/svg\" xmlns:xlink=\"http:\/\/www.w3.org\/1999\/xlink\" id=\"thumbs-o-up\" viewBox=\"0 0 1536 1896.0833\"><path d=\"M256 1344q0-26-19-45t-45-19-45 19-19 45 19 45 45 19 45-19 19-45zm1152-576q0-51-39-89.5t-89-38.5H928q0-58 48-159.5t48-160.5q0-98-32-145t-128-47q-26 26-38 85t-30.5 125.5T736 448q-22 23-77 91-4 5-23 30t-31.5 41-34.5 42.5-40 44-38.5 35.5-40 27-35.5 9h-32v640h32q13 0 31.5 3t33 6.5 38 11 35 11.5 35.5 12.5 29 10.5q211 73 342 73h121q192 0 192-167 0-26-5-56 30-16 47.5-52.5t17.5-73.5-18-69q53-50 53-119 0-25-10-55.5t-25-47.5q32-1 53.5-47t21.5-81zm128-1q0 89-49 163 9 33 9 69 0 77-38 144 3 21 3 43 0 101-60 178 1 139-85 219.5t-227 80.5H960q-96 0-189.5-22.5T554 1576q-116-40-138-40H128q-53 0-90.5-37.5T0 1408V768q0-53 37.5-90.5T128 640h274q36-24 137-155 58-75 107-128 24-25 35.5-85.5T712 145t62-108q39-37 90-37 84 0 151 32.5T1117 134t35 186q0 93-48 192h176q104 0 180 76t76 179z\"><\/path><\/svg><\/span><\/div>\n              <div\n                data-colibri-id=\"180-c44\" class=\"h-global-transition-all h-heading style-540 style-local-180-c44 position-relative h-element\">\n                <!---->\n                <div class=\"h-heading__outer style-540 style-local-180-c44\">\n                  <!---->\n                  <!---->\n                  <h6 class=\"\">EXPERIENCIA<\/h6>\n                <\/div>\n            <\/div>\n            <div data-colibri-id=\"180-c45\" class=\"h-text h-text-component style-541 style-local-180-c45 position-relative h-element\">\n              <!---->\n              <!---->\n              <div class=\"\">\n                <p>CONOCIMIENTO DE LOS REQUERIMIENTOS DE LAS EMPRESAS DISTRIBUIDORAS<\/p>\n              <\/div>\n            <\/div>\n          <\/div>\n        <\/div>\n      <\/div>\n    <\/div>\n  <\/div>\n<\/div>\n<\/div>\n<div data-colibri-component=\"section\" data-colibri-id=\"180-c46\" id=\"custom\" class=\"h-section h-section-global-spacing d-flex align-items-lg-center align-items-md-center align-items-center style-558 style-local-180-c46 position-relative\">\n  <!---->\n  <!---->\n  <div class=\"h-section-grid-container h-section-boxed-container\">\n    <!---->\n    <div data-colibri-id=\"180-c47\" class=\"h-row-container gutters-row-lg-2 gutters-row-md-2 gutters-row-0 gutters-row-v-lg-2 gutters-row-v-md-2 gutters-row-v-2 style-559 style-local-180-c47 position-relative\">\n      <!---->\n      <div class=\"h-row justify-content-lg-center justify-content-md-center justify-content-center align-items-lg-stretch align-items-md-stretch align-items-stretch gutters-col-lg-2 gutters-col-md-2 gutters-col-0 gutters-col-v-lg-2 gutters-col-v-md-2 gutters-col-v-2\">\n        <!---->\n        <div class=\"h-column h-column-container d-flex h-col-lg-auto h-col-md-auto h-col-auto style-560-outer style-local-180-c48-outer\">\n          <div data-colibri-id=\"180-c48\" class=\"d-flex h-flex-basis h-column__inner h-px-lg-2 h-px-md-2 h-px-2 v-inner-lg-2 v-inner-md-2 v-inner-2 style-560 style-local-180-c48 position-relative\">\n            <!---->\n            <!---->\n            <div class=\"w-100 h-y-container h-column__content h-column__v-align flex-basis-100 align-self-lg-start align-self-md-start align-self-start\">\n              <!---->\n              <div data-colibri-id=\"180-c49\" class=\"h-text h-text-component style-566 style-local-180-c49 position-relative h-element\">\n                <!---->\n                <!---->\n                <div class=\"\">\n                  <p>SIN COMPLICACIONES NI LETRA CHICA.<\/p>\n                  <p>PARA COMENZAR EL ESTUDIO DEBEN REMITIRNOS LA INFORMACI\u00d3N CONTENIDA EN EL FORMULARIOS&nbsp;N\u00b0 7,<\/p>\n                  <p>ENTREGADO POR LA EMPRESA DISTRIBUIDORA.<\/p>\n                  <p>\n                    <br>\n                  <\/p>\n                <\/div>\n              <\/div>\n            <\/div>\n          <\/div>\n        <\/div>\n      <\/div>\n    <\/div>\n  <\/div>\n<\/div>\n<div data-colibri-component=\"section\" data-colibri-id=\"180-c50\" id=\"overlappable-2\" class=\"h-section h-section-global-spacing d-flex align-items-lg-center align-items-md-center align-items-center style-561 style-local-180-c50 position-relative\">\n  <!---->\n  <!---->\n  <div class=\"h-section-grid-container h-section-boxed-container\">\n    <!---->\n    <div data-colibri-id=\"180-c51\" class=\"h-row-container gutters-row-lg-2 gutters-row-md-0 gutters-row-2 gutters-row-v-lg-2 gutters-row-v-md-0 gutters-row-v-2 style-562 style-local-180-c51 position-relative\">\n      <!---->\n      <div class=\"h-row justify-content-lg-center justify-content-md-center justify-content-center align-items-lg-stretch align-items-md-stretch align-items-stretch gutters-col-lg-2 gutters-col-md-0 gutters-col-2 gutters-col-v-lg-2 gutters-col-v-md-0 gutters-col-v-2\">\n        <!---->\n        <div class=\"h-column h-column-container d-flex h-col-lg-4 h-col-md-4 h-col-12 style-563-outer style-local-180-c52-outer\">\n          <div data-colibri-id=\"180-c52\" class=\"d-flex h-flex-basis h-column__inner h-ui-empty-state-container h-px-lg-2 h-px-md-3 h-px-2 v-inner-lg-0 v-inner-md-3 v-inner-2 style-563 style-local-180-c52 position-relative\">\n            <!---->\n            <!---->\n            <div class=\"w-100 h-y-container h-column__content h-column__v-align flex-basis-100\">\n              <!---->\n            <\/div>\n          <\/div>\n        <\/div>\n      <\/div>\n    <\/div>\n  <\/div>\n<\/div>\n<\/div>","protected":false},"excerpt":{"rendered":"<p>ESTUDIO&nbsp;DE PEQUE\u00d1OS MEDIOS DE GENERACI\u00d3N DISTRIBUIDA (PMGD) TIEMPO 10 D\u00cdAS H\u00c1BILES ESTUDIO COMPLETO PMGD EXPERIENCIA CONOCIMIENTO DE LOS REQUERIMIENTOS DE LAS EMPRESAS DISTRIBUIDORAS SIN COMPLICACIONES NI LETRA CHICA. PARA COMENZAR EL ESTUDIO DEBEN REMITIRNOS LA INFORMACI\u00d3N CONTENIDA EN EL FORMULARIOS&nbsp;N\u00b0 7, ENTREGADO POR LA EMPRESA DISTRIBUIDORA.<\/p>\n","protected":false},"author":1,"featured_media":0,"parent":0,"menu_order":0,"comment_status":"closed","ping_status":"closed","template":"page-templates\/full-width-page.php","meta":{"footnotes":""},"class_list":["post-180","page","type-page","status-publish","hentry"],"_links":{"self":[{"href":"https:\/\/pmgdestudios.cl\/index.php?rest_route=\/wp\/v2\/pages\/180","targetHints":{"allow":["GET"]}}],"collection":[{"href":"https:\/\/pmgdestudios.cl\/index.php?rest_route=\/wp\/v2\/pages"}],"about":[{"href":"https:\/\/pmgdestudios.cl\/index.php?rest_route=\/wp\/v2\/types\/page"}],"author":[{"embeddable":true,"href":"https:\/\/pmgdestudios.cl\/index.php?rest_route=\/wp\/v2\/users\/1"}],"replies":[{"embeddable":true,"href":"https:\/\/pmgdestudios.cl\/index.php?rest_route=%2Fwp%2Fv2%2Fcomments&post=180"}],"version-history":[{"count":20,"href":"https:\/\/pmgdestudios.cl\/index.php?rest_route=\/wp\/v2\/pages\/180\/revisions"}],"predecessor-version":[{"id":856,"href":"https:\/\/pmgdestudios.cl\/index.php?rest_route=\/wp\/v2\/pages\/180\/revisions\/856"}],"wp:attachment":[{"href":"https:\/\/pmgdestudios.cl\/index.php?rest_route=%2Fwp%2Fv2%2Fmedia&parent=180"}],"curies":[{"name":"wp","href":"https:\/\/api.w.org\/{rel}","templated":true}]}}