{"id":113,"date":"2022-05-24T06:05:05","date_gmt":"2022-05-24T06:05:05","guid":{"rendered":"https:\/\/pmgdestudios.cl\/?page_id=113"},"modified":"2024-05-13T13:40:17","modified_gmt":"2024-05-13T13:40:17","slug":"colibri-wp","status":"publish","type":"page","link":"https:\/\/pmgdestudios.cl\/","title":{"rendered":"Front Page"},"content":{"rendered":"<div data-colibri-id=\"113-c1\" class=\"style-191 style-local-113-c1 position-relative\">\n  <!---->\n  <div data-colibri-component=\"section\" data-colibri-id=\"113-c2\" id=\"overlappable-2\" class=\"h-section h-section-global-spacing d-flex align-items-lg-center align-items-md-center align-items-center style-192 style-local-113-c2 position-relative\">\n    <!---->\n    <!---->\n    <div class=\"h-section-grid-container h-section-boxed-container\">\n      <!---->\n      <div data-colibri-id=\"113-c3\" class=\"h-row-container gutters-row-lg-2 gutters-row-md-2 gutters-row-2 gutters-row-v-lg-2 gutters-row-v-md-2 gutters-row-v-2 style-193 style-local-113-c3 position-relative\">\n        <!---->\n        <div class=\"h-row justify-content-lg-center justify-content-md-center justify-content-center align-items-lg-stretch align-items-md-stretch align-items-stretch gutters-col-lg-2 gutters-col-md-2 gutters-col-2 gutters-col-v-lg-2 gutters-col-v-md-2 gutters-col-v-2\">\n          <!---->\n          <div class=\"h-column h-column-container d-flex h-col-lg-auto h-col-md-auto h-col-auto style-198-outer style-local-113-c4-outer\">\n            <div data-colibri-id=\"113-c4\" class=\"d-flex h-flex-basis h-column__inner h-px-lg-3 h-px-md-3 h-px-3 v-inner-lg-3 v-inner-md-3 v-inner-3 style-198 style-local-113-c4 position-relative\">\n              <!---->\n              <!---->\n              <div class=\"w-100 h-y-container h-column__content h-column__v-align flex-basis-100 align-self-lg-start align-self-md-start align-self-start\">\n                <!---->\n                <div data-colibri-id=\"113-c5\" class=\"h-icon style-195 style-local-113-c5 position-relative h-element\">\n                  <!----><span class=\"h-svg-icon h-icon__icon style-195-icon style-local-113-c5-icon\"><!--Icon by Font Awesome (https:\/\/fontawesome.com)-->\n    <svg version=\"1.1\" xmlns=\"http:\/\/www.w3.org\/2000\/svg\" xmlns:xlink=\"http:\/\/www.w3.org\/1999\/xlink\" id=\"clock-o\" viewBox=\"0 0 1536 1896.0833\">\n      <path d=\"M896 544v448q0 14-9 23t-23 9H544q-14 0-23-9t-9-23v-64q0-14 9-23t23-9h224V544q0-14 9-23t23-9h64q14 0 23 9t9 23zm416 352q0-148-73-273t-198-198-273-73-273 73-198 198-73 273 73 273 198 198 273 73 273-73 198-198 73-273zm224 0q0 209-103 385.5T1153.5 1561 768 1664t-385.5-103T103 1281.5 0 896t103-385.5T382.5 231 768 128t385.5 103T1433 510.5 1536 896z\"><\/path>\n    <\/svg><\/span><\/div>\n                <div data-colibri-id=\"113-c6\" class=\"h-global-transition-all h-heading style-196 style-local-113-c6 position-relative h-element\">\n                  <!---->\n                  <div class=\"h-heading__outer style-196 style-local-113-c6\">\n                    <!---->\n                    <!---->\n                    <h3 class=\"\">TIEMPO<\/h3>\n                  <\/div>\n                <\/div>\n                <div data-colibri-id=\"113-c7\" class=\"h-text h-text-component style-197 style-local-113-c7 position-relative h-element\">\n                  <!---->\n                  <!---->\n                  <div class=\"\">\n                    <p>\n                      <br>\n                    <\/p>\n                    <p>ESTUDIO COMPLETO PMGD<\/p>\n                    <p>EN 10 D\u00cdAS H\u00c1BILES<\/p>\n                    <p>\n                      <br>\n                    <\/p>\n                  <\/div>\n                <\/div>\n              <\/div>\n            <\/div>\n          <\/div>\n          <div class=\"h-column h-column-container d-flex h-col-lg-auto h-col-md-auto h-col-auto style-199-outer style-local-113-c8-outer\">\n            <div data-colibri-id=\"113-c8\" class=\"d-flex h-flex-basis h-column__inner h-px-lg-3 h-px-md-3 h-px-3 v-inner-lg-3 v-inner-md-3 v-inner-3 style-199 style-local-113-c8 position-relative\">\n              <!---->\n              <!---->\n              <div class=\"w-100 h-y-container h-column__content h-column__v-align flex-basis-100 align-self-lg-start align-self-md-start align-self-start\">\n                <!---->\n                <div data-colibri-id=\"113-c9\" class=\"h-icon style-195 style-local-113-c9 position-relative h-element\">\n                  <!----><span class=\"h-svg-icon h-icon__icon style-195-icon style-local-113-c9-icon\"><!--Icon by Font Awesome (https:\/\/fontawesome.com)-->\n    <svg version=\"1.1\" xmlns=\"http:\/\/www.w3.org\/2000\/svg\" xmlns:xlink=\"http:\/\/www.w3.org\/1999\/xlink\" id=\"thumbs-o-up\" viewBox=\"0 0 1536 1896.0833\">\n      <path d=\"M256 1344q0-26-19-45t-45-19-45 19-19 45 19 45 45 19 45-19 19-45zm1152-576q0-51-39-89.5t-89-38.5H928q0-58 48-159.5t48-160.5q0-98-32-145t-128-47q-26 26-38 85t-30.5 125.5T736 448q-22 23-77 91-4 5-23 30t-31.5 41-34.5 42.5-40 44-38.5 35.5-40 27-35.5 9h-32v640h32q13 0 31.5 3t33 6.5 38 11 35 11.5 35.5 12.5 29 10.5q211 73 342 73h121q192 0 192-167 0-26-5-56 30-16 47.5-52.5t17.5-73.5-18-69q53-50 53-119 0-25-10-55.5t-25-47.5q32-1 53.5-47t21.5-81zm128-1q0 89-49 163 9 33 9 69 0 77-38 144 3 21 3 43 0 101-60 178 1 139-85 219.5t-227 80.5H960q-96 0-189.5-22.5T554 1576q-116-40-138-40H128q-53 0-90.5-37.5T0 1408V768q0-53 37.5-90.5T128 640h274q36-24 137-155 58-75 107-128 24-25 35.5-85.5T712 145t62-108q39-37 90-37 84 0 151 32.5T1117 134t35 186q0 93-48 192h176q104 0 180 76t76 179z\"><\/path>\n    <\/svg><\/span><\/div>\n                <div data-colibri-id=\"113-c10\" class=\"h-global-transition-all h-heading style-196 style-local-113-c10 position-relative h-element\">\n                  <!---->\n                  <div class=\"h-heading__outer style-196 style-local-113-c10\">\n                    <!---->\n                    <!---->\n                    <h3 class=\"\">EXPERIENCIA<\/h3>\n                  <\/div>\n                <\/div>\n                <div data-colibri-id=\"113-c11\" class=\"h-text h-text-component style-197 style-local-113-c11 position-relative h-element\">\n                  <!---->\n                  <!---->\n                  <div class=\"\">\n                    <p>\n                      <br>\n                    <\/p>\n                    <p>CONOCIMIENTO DE&nbsp; LOS REQUERIMIENTOS DE LAS EMPRESAS DISTRIBUIDORAS&nbsp;<\/p>\n                  <\/div>\n                <\/div>\n              <\/div>\n            <\/div>\n          <\/div>\n        <\/div>\n      <\/div>\n    <\/div>\n  <\/div>\n  <div data-colibri-component=\"section\" data-colibri-id=\"113-c12\" id=\"team\" class=\"h-section h-section-global-spacing d-flex align-items-lg-center align-items-md-center align-items-center style-288 style-local-113-c12 position-relative\">\n    <!---->\n    <!---->\n    <div class=\"h-section-grid-container h-section-boxed-container\">\n      <div data-colibri-id=\"113-c16\" class=\"h-row-container gutters-row-lg-3 gutters-row-md-3 gutters-row-2 gutters-row-v-lg-3 gutters-row-v-md-3 gutters-row-v-3 style-300 style-local-113-c16 position-relative\">\n        <!---->\n        <div class=\"h-row justify-content-lg-center justify-content-md-center justify-content-center align-items-lg-stretch align-items-md-stretch align-items-stretch gutters-col-lg-3 gutters-col-md-3 gutters-col-2 gutters-col-v-lg-3 gutters-col-v-md-3 gutters-col-v-3\">\n          <!---->\n          <div class=\"h-column h-column-container d-flex h-col-lg-auto h-col-md-auto h-col-auto style-301-outer style-local-113-c17-outer\">\n            <div data-colibri-id=\"113-c17\" class=\"d-flex h-flex-basis h-column__inner h-px-lg-2 h-px-md-2 h-px-2 v-inner-lg-2 v-inner-md-2 v-inner-2 style-301 style-local-113-c17 position-relative\">\n              <!---->\n              <!---->\n              <div class=\"w-100 h-y-container h-column__content h-column__v-align flex-basis-100 align-self-lg-start align-self-md-start align-self-start\">\n                <!---->\n                <div data-colibri-id=\"113-c18\" class=\"h-global-transition-all h-heading style-302 style-local-113-c18 position-relative h-element\">\n                  <!---->\n                  <div class=\"h-heading__outer style-302 style-local-113-c18\">\n                    <!---->\n                    <!---->\n                    <h2 class=\"\">\u00bfQui\u00e9nes somos?<\/h2>\n                  <\/div>\n                <\/div>\n              <\/div>\n            <\/div>\n          <\/div>\n        <\/div>\n      <\/div>\n      <div data-colibri-id=\"113-c13\" class=\"h-row-container gutters-row-lg-2 gutters-row-md-2 gutters-row-0 gutters-row-v-lg-2 gutters-row-v-md-2 gutters-row-v-2 style-380 style-local-113-c13 position-relative\">\n        <!---->\n        <div class=\"h-row justify-content-lg-center justify-content-md-center justify-content-center align-items-lg-stretch align-items-md-stretch align-items-stretch gutters-col-lg-2 gutters-col-md-2 gutters-col-0 gutters-col-v-lg-2 gutters-col-v-md-2 gutters-col-v-2\">\n          <!---->\n          <div class=\"h-column h-column-container d-flex h-col-lg-12 h-col-md-12 h-col-12 style-381-outer style-local-113-c14-outer\">\n            <div data-colibri-id=\"113-c14\" class=\"d-flex h-flex-basis h-column__inner h-px-lg-2 h-px-md-2 h-px-2 v-inner-lg-2 v-inner-md-2 v-inner-2 style-381 style-local-113-c14 position-relative\">\n              <!---->\n              <!---->\n              <div class=\"w-100 h-y-container h-column__content h-column__v-align flex-basis-100 align-self-lg-start align-self-md-start align-self-start\">\n                <!---->\n                <div data-colibri-id=\"113-c15\" class=\"h-lead h-text h-text-component style-303 style-local-113-c15 position-relative h-element\">\n                  <!---->\n                  <!---->\n                  <div class=\"\">\n                    <p> <span style=\"color: rgb(51, 51, 51); font-family: Helvetica, sans-serif; font-weight: 400; font-size: 14.6667px;\">PMGD ESTUDIOS&nbsp;<\/span><span style=\"color: rgb(95, 98, 99); font-family: &quot;Segoe UI&quot;, sans-serif; font-weight: 400; font-size: 11.5pt;\">es una empresa consultora especializada en la elaboraci\u00f3n<br> de Estudios de Peque\u00f1os Medios de Generaci\u00f3n Distribuida (PMGD).<br>El equipo esta conformado por profesionales Senior y Junior, con amplia experiencia <br>en el sector de energ\u00eda el\u00e9ctrica de Chile.<br>La conformaci\u00f3n de equipo nos permite ser eficientes y efectivos, al integrar el aprendizaje desde la experiencia y la actualizaci\u00f3n continua de nuestro conocimiento&nbsp;para dar respuesta a nuestros clientes.<br>Nuestra fortaleza es creer que nuestros clientes son esenciales para mejorar y ampliar la matriz energ\u00e9tica de nuestro pa\u00eds, raz\u00f3n por la cual generamos lazos de confianza y colaboraci\u00f3n con cada uno de ellos.<br>&nbsp;<br>&nbsp;<\/span><\/p>\n                  <\/div>\n                <\/div>\n              <\/div>\n            <\/div>\n          <\/div>\n        <\/div>\n      <\/div>\n    <\/div>\n  <\/div>\n  <div data-colibri-component=\"section\" data-colibri-id=\"113-c19\" id=\"contact\" class=\"h-section h-section-global-spacing d-flex align-items-lg-center align-items-md-center align-items-center style-325 style-local-113-c19 position-relative\">\n    <!---->\n    <!---->\n    <div class=\"h-section-grid-container h-section-boxed-container\">\n      <!---->\n      <div data-colibri-id=\"113-c20\" class=\"h-row-container gutters-row-lg-2 gutters-row-md-2 gutters-row-2 gutters-row-v-lg-2 gutters-row-v-md-2 gutters-row-v-2 style-326 style-local-113-c20 position-relative\">\n        <!---->\n        <div class=\"h-row justify-content-lg-center justify-content-md-center justify-content-center align-items-lg-stretch align-items-md-stretch align-items-stretch gutters-col-lg-2 gutters-col-md-2 gutters-col-2 gutters-col-v-lg-2 gutters-col-v-md-2 gutters-col-v-2\">\n          <!---->\n          <div class=\"h-column h-column-container d-flex h-col-lg-auto h-col-md-auto h-col-auto style-327-outer style-local-113-c21-outer\">\n            <div data-colibri-id=\"113-c21\" class=\"d-flex h-flex-basis h-column__inner h-px-lg-0 h-px-md-0 h-px-0 v-inner-lg-0 v-inner-md-0 v-inner-0 style-327 style-local-113-c21 position-relative\">\n              <!---->\n              <!---->\n              <div class=\"w-100 h-y-container h-column__content h-column__v-align flex-basis-100 align-self-lg-start align-self-md-start align-self-start\">\n                <!---->\n                <div data-colibri-id=\"113-c22\" class=\"h-row-container gutters-row-lg-0 gutters-row-md-0 gutters-row-0 gutters-row-v-lg-0 gutters-row-v-md-0 gutters-row-v-0 style-328 style-local-113-c22 position-relative\">\n                  <!---->\n                  <div class=\"h-row justify-content-lg-center justify-content-md-center justify-content-center align-items-lg-stretch align-items-md-stretch align-items-stretch gutters-col-lg-0 gutters-col-md-0 gutters-col-0 gutters-col-v-lg-0 gutters-col-v-md-0 gutters-col-v-0\">\n                    <!---->\n                    <div class=\"h-column h-column-container d-flex h-col-lg-auto h-col-md-auto h-col-auto style-329-outer style-local-113-c23-outer\">\n                      <div data-colibri-id=\"113-c23\" class=\"d-flex h-flex-basis h-column__inner h-ui-empty-state-container h-px-lg-0 h-px-md-0 h-px-0 v-inner-lg-0 v-inner-md-0 v-inner-0 style-329 style-local-113-c23 position-relative\">\n                        <!---->\n                        <!---->\n                        <div class=\"w-100 h-y-container h-column__content h-column__v-align flex-basis-100\">\n                          <!---->\n                        <\/div>\n                      <\/div>\n                    <\/div>\n                    <div class=\"h-column h-column-container d-flex h-col-lg-auto h-col-md-auto h-col-auto style-330-outer style-local-113-c24-outer\">\n                      <div data-colibri-id=\"113-c24\" class=\"d-flex h-flex-basis h-column__inner h-px-lg-3 h-px-md-3 h-px-3 v-inner-lg-3 v-inner-md-3 v-inner-3 style-330 style-local-113-c24 position-relative\">\n                        <!---->\n                        <!---->\n                        <div class=\"w-100 h-y-container h-column__content h-column__v-align flex-basis-100 align-self-lg-start align-self-md-start align-self-start\">\n                          <!---->\n                          <div data-colibri-id=\"113-c25\" class=\"h-global-transition-all h-heading style-331 style-local-113-c25 position-relative h-element\">\n                            <!---->\n                            <div class=\"h-heading__outer style-331 style-local-113-c25\">\n                              <!---->\n                              <!---->\n                              <h4 class=\"\">Cont\u00e1ctanos<\/h4>\n                            <\/div>\n                          <\/div>\n                          <div data-colibri-id=\"113-c26\" class=\"h-contact-form__outer--forminator style-332 style-local-113-c26 position-relative h-element\">\n                            <!---->\n                            <div class=\"h-global-transition-all h-global-transition h-global-transition-all h-contact-form-shortcode\"><div class=\"forminator-ui forminator-custom-form forminator-custom-form-142 forminator-design--default  forminator_ajax\" data-forminator-render=\"0\" data-form=\"forminator-module-142\" data-uid=\"69e0b9fe3a6a7\"><br\/><\/div><form\n\t\t\t\tid=\"forminator-module-142\"\n\t\t\t\tclass=\"forminator-ui forminator-custom-form forminator-custom-form-142 forminator-design--default  forminator_ajax\"\n\t\t\t\tmethod=\"post\"\n\t\t\t\tdata-forminator-render=\"0\"\n\t\t\t\tdata-form-id=\"142\"\n\t\t\t\t\n\t\t\t\tdata-design=\"default\"\n\t\t\t\t\n\t\t\t\t\n\t\t\t\t\n\t\t\t\tdata-grid=\"open\"\n\t\t\t\t\n\t\t\t\t\n\t\t\t\tstyle=\"display: none;\"\n\t\t\t\t\n\t\t\t\tdata-uid=\"69e0b9fe3a6a7\"\n\t\t\t><div role=\"alert\" aria-live=\"polite\" class=\"forminator-response-message forminator-error\" aria-hidden=\"true\"><\/div><div class=\"forminator-row\"><div id=\"name-1\" class=\"forminator-field-name forminator-col forminator-col-12 \"><div class=\"forminator-field\"><label for=\"forminator-field-name-1_69e0b9fe3a6a7\" class=\"forminator-label\" id=\"forminator-field-name-1_69e0b9fe3a6a7-label\">Nombre <span class=\"forminator-required\">*<\/span><\/label><input type=\"text\" name=\"name-1\" value=\"\" placeholder=\"Ejemplo: Jorge\" id=\"forminator-field-name-1_69e0b9fe3a6a7\" class=\"forminator-input forminator-name--field\" aria-required=\"true\" \/><\/div><\/div><\/div><div class=\"forminator-row\"><div id=\"email-1\" class=\"forminator-field-email forminator-col forminator-col-12 \"><div class=\"forminator-field\"><label for=\"forminator-field-email-1_69e0b9fe3a6a7\" class=\"forminator-label\" id=\"forminator-field-email-1_69e0b9fe3a6a7-label\">Correo electr\u00f3nico <span class=\"forminator-required\">*<\/span><\/label><input type=\"email\" name=\"email-1\" value=\"\" placeholder=\"\" id=\"forminator-field-email-1_69e0b9fe3a6a7\" class=\"forminator-input forminator-email--field\" data-required=\"true\" aria-required=\"true\" \/><\/div><\/div><\/div><div class=\"forminator-row\"><div id=\"phone-1\" class=\"forminator-field-phone forminator-col forminator-col-12 \"><div class=\"forminator-field\"><label for=\"forminator-field-phone-1_69e0b9fe3a6a7\" class=\"forminator-label\" id=\"forminator-field-phone-1_69e0b9fe3a6a7-label\">N\u00famero de tel\u00e9fono<\/label><input type=\"text\" name=\"phone-1\" value=\"\" placeholder=\"+569\" id=\"forminator-field-phone-1_69e0b9fe3a6a7\" class=\"forminator-input forminator-field--phone\" data-required=\"\" aria-required=\"false\" autocomplete=\"off\" \/><\/div><\/div><\/div><div class=\"forminator-row\"><div id=\"textarea-1\" class=\"forminator-field-textarea forminator-col forminator-col-12 \"><div class=\"forminator-field\"><label for=\"forminator-field-textarea-1_69e0b9fe3a6a7\" id=\"forminator-field-textarea-1_69e0b9fe3a6a7-label\" class=\"forminator-label\">Mensaje<\/label><textarea name=\"textarea-1\" placeholder=\"Introduce tu mensaje...\" id=\"forminator-field-textarea-1_69e0b9fe3a6a7\" class=\"forminator-textarea\" rows=\"6\" style=\"min-height:140px;\" maxlength=\"180\" ><\/textarea><span id=\"forminator-field-textarea-1_69e0b9fe3a6a7-description\" class=\"forminator-description\"><span data-limit=\"180\" data-type=\"characters\">0 \/ 180<\/span><\/span><\/div><\/div><\/div><input type=\"hidden\" name=\"referer_url\" value=\"\" \/><div class=\"forminator-row forminator-row-last\"><div class=\"forminator-col\"><div class=\"forminator-field\"><button class=\"forminator-button forminator-button-submit\">Enviar mensaje<\/button><\/div><\/div><\/div><input type=\"hidden\" id=\"forminator_nonce\" name=\"forminator_nonce\" value=\"59c10225eb\" \/><input type=\"hidden\" name=\"_wp_http_referer\" value=\"\/index.php?rest_route=%2Fwp%2Fv2%2Fpages%2F113\" \/><input type=\"hidden\" name=\"form_id\" value=\"142\"><input type=\"hidden\" name=\"page_id\" value=\"113\"><input type=\"hidden\" name=\"form_type\" value=\"default\"><input type=\"hidden\" name=\"current_url\" value=\"https:\/\/pmgdestudios.cl\/\"><input type=\"hidden\" name=\"render_id\" value=\"0\"><input type=\"hidden\" name=\"action\" value=\"forminator_submit_form_custom-forms\"><\/form><\/div>\n                          <\/div>\n                        <\/div>\n                      <\/div>\n                    <\/div>\n                  <\/div>\n                <\/div>\n              <\/div>\n            <\/div>\n          <\/div>\n        <\/div>\n      <\/div>\n    <\/div>\n  <\/div>\n<\/div>","protected":false},"excerpt":{"rendered":"<p>TIEMPO ESTUDIO COMPLETO PMGD EN 10 D\u00cdAS H\u00c1BILES EXPERIENCIA CONOCIMIENTO DE&nbsp; LOS REQUERIMIENTOS DE LAS EMPRESAS DISTRIBUIDORAS&nbsp; \u00bfQui\u00e9nes somos? PMGD ESTUDIOS&nbsp;es una empresa consultora especializada en la elaboraci\u00f3n de Estudios de Peque\u00f1os Medios de Generaci\u00f3n Distribuida (PMGD).El equipo esta conformado por profesionales Senior y Junior, con amplia experiencia en el sector de energ\u00eda el\u00e9ctrica de [&hellip;]<\/p>\n","protected":false},"author":1,"featured_media":0,"parent":0,"menu_order":0,"comment_status":"closed","ping_status":"closed","template":"page-templates\/homepage.php","meta":{"footnotes":""},"class_list":["post-113","page","type-page","status-publish","hentry"],"_links":{"self":[{"href":"https:\/\/pmgdestudios.cl\/index.php?rest_route=\/wp\/v2\/pages\/113","targetHints":{"allow":["GET"]}}],"collection":[{"href":"https:\/\/pmgdestudios.cl\/index.php?rest_route=\/wp\/v2\/pages"}],"about":[{"href":"https:\/\/pmgdestudios.cl\/index.php?rest_route=\/wp\/v2\/types\/page"}],"author":[{"embeddable":true,"href":"https:\/\/pmgdestudios.cl\/index.php?rest_route=\/wp\/v2\/users\/1"}],"replies":[{"embeddable":true,"href":"https:\/\/pmgdestudios.cl\/index.php?rest_route=%2Fwp%2Fv2%2Fcomments&post=113"}],"version-history":[{"count":20,"href":"https:\/\/pmgdestudios.cl\/index.php?rest_route=\/wp\/v2\/pages\/113\/revisions"}],"predecessor-version":[{"id":895,"href":"https:\/\/pmgdestudios.cl\/index.php?rest_route=\/wp\/v2\/pages\/113\/revisions\/895"}],"wp:attachment":[{"href":"https:\/\/pmgdestudios.cl\/index.php?rest_route=%2Fwp%2Fv2%2Fmedia&parent=113"}],"curies":[{"name":"wp","href":"https:\/\/api.w.org\/{rel}","templated":true}]}}